{"id":467,"date":"2018-04-21T11:34:56","date_gmt":"2018-04-21T10:34:56","guid":{"rendered":"http:\/\/floweracademy.se\/?page_id=467"},"modified":"2025-10-14T08:06:25","modified_gmt":"2025-10-14T07:06:25","slug":"om-floristutbildningen-gym","status":"publish","type":"page","link":"https:\/\/floweracademy.se\/?page_id=467","title":{"rendered":"Floristutbildningen GYM L\u00e4rling distans"},"content":{"rendered":"<h2><b>Floristgymnasiet L\u00e4rling delvis p\u00e5 distansutbildning<\/b><\/h2>\n<p><span style=\"font-weight: 400;\">V\u00e5r utbildning inom florist ger dig den kompetens som kr\u00e4vs f\u00f6r att f\u00e5 en anst\u00e4llning i all handel med blommor och specialiserad inom floristhantverket.<\/span><\/p>\n<h2><b>Om utbildningen<\/b><\/h2>\n<p><span style=\"font-weight: 400;\">Som elev f\u00e5r du utveckla kunskaper och f\u00e4rdigheter inom floristhantverksproduktion, hantering och f\u00f6rs\u00e4ljning. Utbildningen best\u00e5r av f\u00f6rel\u00e4sningar, grupparbeten, metod\u00f6vningar och utifr\u00e5n individuella behov anpassas utbildningen till dig och dina m\u00e5l. De praktiska momenten genomf\u00f6rs under handledning p\u00e5 ett f\u00f6retag, s\u00e5 kallad APL\u00a0 (arbetsplatsf\u00f6rlagt l\u00e4rande, l\u00e4rling) eller som L\u00e4rling.<\/span><\/p>\n<h3><b>Att studera p\u00e5 l\u00e4rling delvis p\u00e5 distans<\/b><\/h3>\n<p><span style=\"font-weight: 400;\">Under utbildningen f\u00e5r du st\u00f6d och hj\u00e4lp av l\u00e4rare d\u00e5 du \u00e4r p\u00e5 praktik. I det arbetsplatsf\u00f6rlagda l\u00e4randet har du handledare p\u00e5 f\u00f6retaget till din hj\u00e4lp. Din studiehandledning kommer att finnas i v\u00e5r l\u00e4rplattform, d\u00e4r du arbetar med bed\u00f6mningsuppgifter och har \u00f6verblick \u00f6ver hela utbildningen. <strong>Du ska inneha goda datorkunskaper samt h\u00f6g studie-sj\u00e4lvdisciplin.<\/strong><\/span><\/p>\n<h2>Beh\u00f6righet till gymnasiet<\/h2>\n<p>F\u00f6r att f\u00e5 g\u00e5 ett nationellt program i gymnasieskolan kr\u00e4vs att du har slutf\u00f6rt \u00e5rskurs 9 i grundskolan eller motsvarande utbildning, inte redan har genomg\u00e5tt en gymnasieutbildning och att du p\u00e5b\u00f6rjar utbildningen senast det f\u00f6rsta kalenderhalv\u00e5ret d\u00e5 du fyller 20 \u00e5r.<\/p>\n<p>F\u00f6r beh\u00f6righet till en s\u00e5 kallad s\u00e4rskild variant kan det st\u00e4llas krav p\u00e5 f\u00f6rkunskaper i ett s\u00e5dant \u00e4mne eller \u00e4mnesomr\u00e5de som \u00e4r utm\u00e4rkande f\u00f6r varianten.<\/p>\n<h3>Beh\u00f6righet till yrkesprogram<\/h3>\n<p>F\u00f6r att ha gymnasiebeh\u00f6righet till ett yrkesprogram kr\u00e4vs godk\u00e4nda betyg i svenska eller svenska som andra-spr\u00e5k, engelska och matematik och i minst fem andra \u00e4mnen fr\u00e5n grundskolan.<\/p>\n<h2>Ans\u00f6kan till gymnasiet<\/h2>\n<ol>\n<li style=\"font-weight: 400;\"><span style=\"font-weight: 400;\">Ans\u00f6k via g\u00f6r du i din ans\u00f6kan till gymnasiet via antagningskansliet i respektive kommun.<\/span><span style=\"font-weight: 400;\"><br \/>\n<\/span><\/li>\n<li>Din hemkommuns gymnasieskola kan ansluta sig till programmet via kontrakt med oss direkt p\u00e5 floweracademy.se<\/li>\n<\/ol>\n<h2><b>Efter utbildningen<\/b><\/h2>\n<p><span style=\"font-weight: 400;\">Utbildningen syftar till att ge dig den kompetens som kr\u00e4vs f\u00f6r att vara attraktiv till anst\u00e4llning inom blomsterbranschen. Inom blomsterbranschen kan du till exempel arbeta inom som florist i en blomsterbutik, p\u00e5 en blomsteravdelning i ett st\u00f6rre varuhus, eller inom grossisthandel i branschen.<\/span><\/p>\n","protected":false},"excerpt":{"rendered":"<p>Floristgymnasiet L\u00e4rling delvis p\u00e5 distansutbildning V\u00e5r utbildning inom florist ger dig den kompetens som kr\u00e4vs f\u00f6r att f\u00e5 en anst\u00e4llning i all handel med blommor och specialiserad inom floristhantverket. Om utbildningen Som elev f\u00e5r du utveckla kunskaper och f\u00e4rdigheter inom<\/p>\n","protected":false},"author":1,"featured_media":0,"parent":395,"menu_order":3,"comment_status":"closed","ping_status":"closed","template":"","meta":{"footnotes":""},"class_list":["post-467","page","type-page","status-publish","hentry"],"_links":{"self":[{"href":"https:\/\/floweracademy.se\/index.php?rest_route=\/wp\/v2\/pages\/467","targetHints":{"allow":["GET"]}}],"collection":[{"href":"https:\/\/floweracademy.se\/index.php?rest_route=\/wp\/v2\/pages"}],"about":[{"href":"https:\/\/floweracademy.se\/index.php?rest_route=\/wp\/v2\/types\/page"}],"author":[{"embeddable":true,"href":"https:\/\/floweracademy.se\/index.php?rest_route=\/wp\/v2\/users\/1"}],"replies":[{"embeddable":true,"href":"https:\/\/floweracademy.se\/index.php?rest_route=%2Fwp%2Fv2%2Fcomments&post=467"}],"version-history":[{"count":17,"href":"https:\/\/floweracademy.se\/index.php?rest_route=\/wp\/v2\/pages\/467\/revisions"}],"predecessor-version":[{"id":1010,"href":"https:\/\/floweracademy.se\/index.php?rest_route=\/wp\/v2\/pages\/467\/revisions\/1010"}],"up":[{"embeddable":true,"href":"https:\/\/floweracademy.se\/index.php?rest_route=\/wp\/v2\/pages\/395"}],"wp:attachment":[{"href":"https:\/\/floweracademy.se\/index.php?rest_route=%2Fwp%2Fv2%2Fmedia&parent=467"}],"curies":[{"name":"wp","href":"https:\/\/api.w.org\/{rel}","templated":true}]}}