{"id":395,"date":"2016-08-18T12:07:33","date_gmt":"2016-08-18T11:07:33","guid":{"rendered":"http:\/\/floweracademy.se\/?page_id=395"},"modified":"2025-10-14T08:20:36","modified_gmt":"2025-10-14T07:20:36","slug":"apl-handledare-kurs","status":"publish","type":"page","link":"https:\/\/floweracademy.se\/?page_id=395","title":{"rendered":"Florist l\u00e4rlingsutbildning"},"content":{"rendered":"<h2>En riktig Branschskola f\u00f6r florister!<br \/>\n<b>Floristutbildning kombinerat med l\u00e4rlingstimmar och i skolan i Lidk\u00f6ping, f\u00f6r b\u00e5de Gymnasiet och YrkesVux.<\/b><\/h2>\n<p><span style=\"font-weight: 400;\">I samband med de senaste \u00e5rens utveckling inom teknikomr\u00e5det har distansstudier som studieform blivit allt enklare. F\u00f6r att kunna studera p\u00e5 skolan beh\u00f6ver du ha ha tillg\u00e5ng till dator, bra internetuppkoppling, headset och webbkamera. Vi tillhandah\u00e5ller ett virtuellt klassrum och en l\u00e4rplattform d\u00e4r teoridelarna\u00a0 i floristutbildningen kommer att ligga.<\/span><\/p>\n<p><span style=\"font-weight: 400;\">Du planerar dina studier tillsammans med en l\u00e4rare. Du har tillg\u00e5ng till det material du beh\u00f6ver f\u00f6r din utbildning eller dina kurser via en utbildningsplattform online. Uppl\u00e4gget \u00e4r kvalitetss\u00e4krat och uppfyller branschens krav.<\/span><\/p>\n<p><span style=\"font-weight: 400;\">Genom att l\u00e4sa en utbildning som l\u00e4rling f\u00e5r du st\u00f6rre frihet att sj\u00e4lv v\u00e4lja hur du vill l\u00e4gga upp dina studier och disponera din tid. Du kan plugga n\u00e4r, hur och var du vill. T\u00e4nk dock p\u00e5 att du m\u00e5ste kunna ta mycket eget ansvar f\u00f6r dina studier n\u00e4r du l\u00e4ser p\u00e5 online klassrum. Kraven \u00e4r lika h\u00f6ga som f\u00f6r en vanlig klassrumsbaserad utbildning och m\u00e5len \u00e4r de samma. Det vill s\u00e4ga en yrkesexamen i floristyrket.<\/span><\/p>\n","protected":false},"excerpt":{"rendered":"<p>En riktig Branschskola f\u00f6r florister! Floristutbildning kombinerat med l\u00e4rlingstimmar och i skolan i Lidk\u00f6ping, f\u00f6r b\u00e5de Gymnasiet och YrkesVux. I samband med de senaste \u00e5rens utveckling inom teknikomr\u00e5det har distansstudier som studieform blivit allt enklare. F\u00f6r att kunna studera p\u00e5<\/p>\n","protected":false},"author":1,"featured_media":0,"parent":0,"menu_order":0,"comment_status":"closed","ping_status":"closed","template":"","meta":{"footnotes":""},"class_list":["post-395","page","type-page","status-publish","hentry"],"_links":{"self":[{"href":"https:\/\/floweracademy.se\/index.php?rest_route=\/wp\/v2\/pages\/395","targetHints":{"allow":["GET"]}}],"collection":[{"href":"https:\/\/floweracademy.se\/index.php?rest_route=\/wp\/v2\/pages"}],"about":[{"href":"https:\/\/floweracademy.se\/index.php?rest_route=\/wp\/v2\/types\/page"}],"author":[{"embeddable":true,"href":"https:\/\/floweracademy.se\/index.php?rest_route=\/wp\/v2\/users\/1"}],"replies":[{"embeddable":true,"href":"https:\/\/floweracademy.se\/index.php?rest_route=%2Fwp%2Fv2%2Fcomments&post=395"}],"version-history":[{"count":14,"href":"https:\/\/floweracademy.se\/index.php?rest_route=\/wp\/v2\/pages\/395\/revisions"}],"predecessor-version":[{"id":1022,"href":"https:\/\/floweracademy.se\/index.php?rest_route=\/wp\/v2\/pages\/395\/revisions\/1022"}],"wp:attachment":[{"href":"https:\/\/floweracademy.se\/index.php?rest_route=%2Fwp%2Fv2%2Fmedia&parent=395"}],"curies":[{"name":"wp","href":"https:\/\/api.w.org\/{rel}","templated":true}]}}